{"id":14608,"date":"2024-02-04T16:10:33","date_gmt":"2024-02-04T21:10:33","guid":{"rendered":"https:\/\/cubadriver.com\/welcome-to-cubadriver\/"},"modified":"2024-10-04T22:33:16","modified_gmt":"2024-10-05T02:33:16","slug":"reserva-taxi-tours-o-conductor-privado","status":"publish","type":"page","link":"https:\/\/cubadriver.com\/es\/reserva-taxi-tours-o-conductor-privado\/","title":{"rendered":"Reserva Taxi, Tours o Conductor Privado"},"content":{"rendered":"<p>Est\u00e1s buscando traslados, taxis y turismo en Cuba?<br \/>\n                Est\u00e1s en el lugar correctoDeja que&nbsp;Cuba te gu\u00ede<\/p>\n<p>                 \u00danete a nuestros clientes satisfechos que han experimentado la magia de Cuba con CubaDriver. Nuestros conductores amigables, veh\u00edculos c\u00f3modos y servicio impecable han dejado una impresi\u00f3n duradera. Observa las sonrisas en sus rostros mientras emprenden viajes inolvidables.<\/p>\n<p>                 Sum\u00e9rgete en la aut\u00e9ntica experiencia cubana con CubaDriver. Nuestros conductores no son solo choferes; son lugare\u00f1os conocedores que pueden compartir ideas, recomendar joyas ocultas y mejorar tu aventura de viaje. Prep\u00e1rate para un viaje que va m\u00e1s all\u00e1 del transporte.<\/p>\n<p>                 Deja la log\u00edstica en nuestras manos y ahorra tiempo preciado durante tu aventura en Cuba. Nuestros conductores profesionales navegar\u00e1n por las carreteras, eliminando el estr\u00e9s de perderse o lidiar con barreras idiom\u00e1ticas. Si\u00e9ntate, rel\u00e1jate y disfruta del paseo mientras nosotros nos encargamos de los detalles.<\/p>\n<p>                 Traslados desde el aeropuerto sin complicaciones: Di adi\u00f3s a las largas filas de taxis y a la confusa navegaci\u00f3n en el aeropuerto. Con CubaDriver, tu traslado desde el aeropuerto es fluido y sin estr\u00e9s. Nuestros conductores profesionales estar\u00e1n esper\u00e1ndote en la zona de llegadas, listos para ayudarte con tu equipaje y proporcionarte un viaje tranquilo hacia tu destino.<\/p>\n<p>                  Adaptado a tus necesidades: Conseguir un taxi cubano nunca fue tan f\u00e1cil. En CubaDriver, entendemos que cada viajero es \u00fanico. Por eso, ofrecemos itinerarios totalmente personalizables para satisfacer tus preferencias e intereses. Ya sea que desees sumergirte en la cultura, hacer viajes a la playa o una combinaci\u00f3n de todo, nosotros te tenemos cubierto.<\/p>\n<p>                 CubaDriver va m\u00e1s all\u00e1 de ser un simple servicio de transporte en Cuba; sirve como un portal para descubrir la verdadera esencia de Cuba. Ya sea que est\u00e9s buscando taxis urbanos, recorridos por la ciudad o emprendiendo viajes largos o cortos, proporcionamos una amplia gama de soluciones de transporte dise\u00f1adas para satisfacer tus necesidades.<\/p>\n<p>        Previous<\/p>\n<p>        Next<\/p>\n<p>        Mejor servicio de taxi en Cuba<br \/>\n        \u00bfEst\u00e1s buscando transporte, tours y traslados en Cuba?<br \/>\n        Est\u00e1s en el lugar correctoDeja que Cuba te gu\u00ede<\/p>\n<p>                    Taxi privado<\/p>\n<p>                more<\/p>\n<p>                    taxi colectivo<\/p>\n<p>                more<\/p>\n<p>                    aeropuertos <\/p>\n<p>                more<\/p>\n<p>                    Chofer privado<\/p>\n<p>                more<\/p>\n<p>                    Taxi Privado<\/p>\n<p>                 Una manera f\u00e1cil y r\u00e1pida de moverse de un punto a otro en Cuba. Disponible para distancias largas o cortas.<br \/>\n                vER m\u00e1s <\/p>\n<p>                    Taxi colectivo<\/p>\n<p>                 \u00bfEst\u00e1s buscando moverte entre ciudades y ahorrar dinero sin preocuparte? Comparte tu taxi y paga solo por asiento.<br \/>\n                 vER m\u00e1s <\/p>\n<p>                    aeropuertos<\/p>\n<p>                 Taxi privado desde o hacia cualquier aeropuerto en Cuba. Esta modalidad ofrece mejores opciones de precios.<br \/>\n                 vER m\u00e1s <\/p>\n<p>                    VIP-Chauffeur<\/p>\n<p>                 El Programa de Conductor Privado es como alquilar un coche, pero mucho m\u00e1s barato y c\u00f3modo, desde tan solo 90 euros por d\u00eda.<br \/>\n                 vER m\u00e1s <\/p>\n<p>        Conocemos nuestra profesi\u00f3n<br \/>\n         &#8220;Una marca s\u00f3lida, experiencias inolvidables y colaboraci\u00f3n radical nos llevan a resultados extraordinarios, fomentando la automotivaci\u00f3n diaria.&#8221;<\/p>\n<p>                 colaboradores<br \/>\n                182<\/p>\n<p>                experiencia<br \/>\n                12+<\/p>\n<p>                clientes<br \/>\n                9856<\/p>\n<p>                \u00e1reas cubiertas<br \/>\n                48<\/p>\n<p>                      GARANT\u00cdA DE MEJOR PRECIO <\/p>\n<p>                        CubaDriver tiene los mejores precios en el mercado cubano. Puedes solicitar un reembolso de la diferencia de precio si encuentras una oferta similar en otro sitio a un precio m\u00e1s bajo. Puedes obtener m\u00e1s informaci\u00f3n si haces clic aqu\u00ed.<\/p>\n<p>                       MEDIAS HEPIDEMIOL\u00d3GICAS<\/p>\n<p>                      La salud y seguridad de nuestros pasajeros es lo primero. Nuestros choferes siguen protocolos para garantizar un veh\u00edculo limpio y desinfectado, y usan mascarillas para una protecci\u00f3n adicional. Viaja con confianza sabiendo que estamos tomando todas las precauciones para mantenerte seguro.<\/p>\n<p>                      CHOFERES EXPERTOS LOCALES<br \/>\n                       Experimenta el esp\u00edritu \u00fanico de Cuba con nuestros conductores amigables, profesionales y conocedores. Perm\u00edtenos llevarte en un viaje inolvidable a trav\u00e9s de las vibrantes calles de Cuba. Eso es lo que representa CubaDriver, la mejor experiencia de viaje en Cuba.<\/p>\n<p>                       EVAL\u00daA EL SERVICIO<\/p>\n<p>                        \u00a1Tu opini\u00f3n es esencial para nosotros!<br \/>\n                        Nos importa tu experiencia, y queremos asegurarnos de que cada conductor cumpla con tus expectativas. Tu calificaci\u00f3n nos ayuda a mejorar. As\u00ed que adelante y califica a tu conductor hoy. Solo toma unos segundos y marca una gran diferencia.<\/p>\n<p>                      TIEMPO DE ESPERA GRATIS<br \/>\n                       Permitimos un tiempo de espera gratuito de 60 minutos en los aeropuertos. En otras ubicaciones te esperamos hasta 15 minutos gratuitamente. Solo en caso de una circunstancia importante podemos ofrecerte un tiempo de espera gratuito o una mejor oferta dependiendo de nuestra percepci\u00f3n de cada caso particular.<\/p>\n<p>                       PERZONALIZADO<br \/>\n                       Entendemos que cada cliente tiene necesidades y preferencias \u00fanicas. Ya sea que desees realizar en Cuba un viaje tur\u00edstico personalizado, un traslado desde el aeropuerto u otro tipo de transporte, nosotros te ayudaremos.<\/p>\n<p>                       SOSTENIBLE<br \/>\n                       Creemos que es nuestra responsabilidad hacer nuestra parte para proteger el medio ambiente, por lo que aplicamos iniciativas verdes en nuestra empresa en general, incorporamos veh\u00edculos el\u00e9ctricos y programas de reducci\u00f3n de residuos.<\/p>\n<p>                      SIN COSTOS OCULTOS<\/p>\n<p>                        Los impuestos, peajes y propinas est\u00e1n incluidos. Creemos en la transparencia y honestidad con nuestros clientes. Por eso, nunca cobramos costos ocultos o tarifas sorpresa. Cuando reservas con nosotros, puedes confiar en que el precio que ves es el precio que pagar\u00e1s, sin cargos inesperados.<\/p>\n<p>                      PAGOS SEGUROS EN L\u00cdNEA<\/p>\n<p>                       Sabemos que actualmente es muy importante<br \/>\n                        facilitar los pagos, por esta raz\u00f3n, te ofrecemos una amplia variedad de opciones de pago, incluyendo pago en efectivo, tarjeta de cr\u00e9dito y transferencia bancaria. Siempre pagos seguros para tu conveniencia.<\/p>\n<p>                      GARANT\u00cdA DE MEJOR PRECIO <\/p>\n<p>                       MEDIDAS HEPIDEMIOL\u00d3GICAS<\/p>\n<p>                      CHOFERES EXPERTOS LOCALES<\/p>\n<p>                      TIEMPO DE ESPERA GRATUITO<\/p>\n<p>                       PERSONALIZADO <\/p>\n<p>                      SIN COSTOS OCULTOS<\/p>\n<p>                      PAGO SEGUROS EN L\u00cdNEA<\/p>\n<p>        Active Tours<br \/>\n        from Havana<\/p>\n<p>                $ 250<br \/>\n                 Vi\u00f1ales Day Trip<br \/>\n                 All-Inclusive Day Trip to the Beauty of the Cuban Countryside. Immerse<br \/>\nyourself in the picturesque landscapes as you enjoy horseback riding,<br \/>\nrefreshing drinks, and a myriad of exciting activities&#8230;<br \/>\n                more information <\/p>\n<p>                $ 275<br \/>\n                Varadero day trip<br \/>\n                Escape to Varadero&#8217;s paradise, where sun-kissed beaches meet turquoise<br \/>\nwaters. Varadero awaits, offering the perfect blend of relaxation and adventure.\u200b&nbsp;Your dream escape starts here&#8230;<br \/>\n                 more information <\/p>\n<p>                $ 520<br \/>\n                Trinidad 3 days trip<br \/>\n                Discover the charm of Trinidad, a UNESCO World Heritage site. Our<br \/>\nall-inclusive 3 day trip offers cobblestone streets, vibrant colonial<br \/>\narchitecture.&nbsp; Immerse yourself in history&#8230;<br \/>\n                 more information <\/p>\n<p>        \u00bfA d\u00f3nde ir?<br \/>\n        Mejor forma de descubrir Cuba<\/p>\n<p>         Explora nuestros destinos principales en toda Cuba. Reserva f\u00e1cilmente paseos en taxi y tours de ida y vuelta desde y hacia La Habana, Vi\u00f1ales, Varadero, Cienfuegos, Trinidad y cualquier otra ubicaci\u00f3n en la isla.<\/p>\n<p>                            El Campo de Cuba<br \/>\n                            &nbsp;Vi\u00f1ALES<\/p>\n<p>                             LA CIUDAD DE LOS MUSEOS<\/p>\n<p>                            TRINIDAD<\/p>\n<p>                            La Perla del Sur<\/p>\n<p>                            cienfuegos<\/p>\n<p>                          LA PERLA DEL CARIBE<br \/>\n                             HABANA <\/p>\n<p>                            LA MEJOR PLAYA DE CUBA<\/p>\n<p>                            VARADERO<\/p>\n<p>         Servicio destacado<br \/>\n         Traslados de Aeropuerto con<br \/>\n          CubaDriver&nbsp;<\/p>\n<p>                  Taxi to \/ from Havana Airport <\/p>\n<p>                   Taxi to \/ from Varadero Airport <\/p>\n<p>                   Taxi to \/ from Cayo Coco Airport <\/p>\n<p>                   Taxi to \/ from Other Cuba Airports<\/p>\n<p>                    Taxi desde \/ haciaAeropuerto Habana <\/p>\n<p>                     Taxi \u200bdesde \/ haciaAeropuerto Varadero<\/p>\n<p>                     Taxi \u200bdesde \/ haciaAerop. Cayo Coco<\/p>\n<p>                     Taxi \u200bdesde \/ haciaAerop. Santa Clara<\/p>\n<p>                    Todos los Aeropuertos disponibles en Cuba<\/p>\n<p>         Servicio m\u00e1s popular<br \/>\n         Obt\u00e9n un taxi compartido en cualquier parte de Cuba<\/p>\n<p>           \u00bfEst\u00e1s buscando un taxi compartido entre ciudades en Cuba, tambi\u00e9n conocido como taxi colectivo? Aqu\u00ed encontrar\u00e1s las rutas m\u00e1s comunes que ofrecemos. Si\u00e9ntete libre de explorar todas las opciones disponibles haciendo clic en el bot\u00f3n &#8216;Ver todas las rutas&#8217;, y reserva f\u00e1cilmente con anticipaci\u00f3n para asegurar que tu transporte est\u00e9 cubierto.<\/p>\n<p>                Vinales to Havana<br \/>\n                 $25+tax<\/p>\n<p>                  08:00 AM<\/p>\n<p>                Vinales to Varadero<br \/>\n                 $45+tax<\/p>\n<p>                  08:00 AM<\/p>\n<p>                Vinales to Trinidad<br \/>\n                 $70+tax<\/p>\n<p>                  08:00 AM<\/p>\n<p>                Havana to Vinales<br \/>\n                 $25+tax<\/p>\n<p>                  11:00 AM<\/p>\n<p>                Havana to Varadero<br \/>\n                 $25+tax<\/p>\n<p>                   10:00 AM<\/p>\n<p>                Havana to Trinidad<br \/>\n                 $55+tax<\/p>\n<p>                  08:00 AM<\/p>\n<p>                Varadero to Vinales<br \/>\n                 $45+tax<\/p>\n<p>                  08:00 AM<\/p>\n<p>                Varadero to Havana<br \/>\n                 $25+tax<\/p>\n<p>                  8:00 AM<\/p>\n<p>                Varadero to Trinidad<br \/>\n                 $45+tax<\/p>\n<p>                  08:00 AM<\/p>\n<p>         \u00bfExplorando Cuba? La Gu\u00eda Definitiva para Reservar Taxis Colectivos en el 2024<br \/>\n         Reservar un taxi compartido, tambi\u00e9n conocido como &#8220;taxi colectivo&#8221; en Cuba, nunca ha sido tan f\u00e1cil. Esta opci\u00f3n de transporte te permite pagar por asiento para tu pr\u00f3ximo viaje entre ciudades en la isla. \u00bfEst\u00e1s curioso sobre los ahorros potenciales que podr\u00edas disfrutar al optar por este conveniente modo de viaje? \u00bfInteresado en aprender c\u00f3mo reservar a trav\u00e9s del sitio web cubadriver.com, f\u00e1cil de usar? Sigue leyendo para descubrir lo sencillo que es asegurar tu taxi compartido y comenzar a explorar Cuba de manera econ\u00f3mica y conveniente.<br \/>\n        Leer M\u00e1s<br \/>\n        Ver todas las Rutas <\/p>\n<p>        \u00bfQu\u00e9 dicen nuestros clientes?<br \/>\n        Con\u00f3cenos un poquito m\u00e1s&nbsp;&nbsp;TripAdvisor<\/p>\n<p>                 &#8220;Estoy muy satisfecha con el servicio de Cubadriver. La conductora lleg\u00f3 a tiempo y fue muy amable durante todo el viaje. Definitivamente usar\u00e9 este servicio nuevamente.&#8221; <\/p>\n<p>                MumaBety<\/p>\n<p>                 &#8220;Cubadriver es la mejor opci\u00f3n para moverse por Cuba. Los conductores son muy profesionales y los veh\u00edculos est\u00e1n en excelentes condiciones. Recomiendo esta agencia a todas mis amigas.&#8221;<\/p>\n<p>                Barbara<\/p>\n<p>                 &#8220;Thanks to Cubadriver I was able to reach my destination without any<br \/>\nproblems and without having to worry about traffic. The driver was very<br \/>\npolite and made me feel very comfortable throughout the entire trip.&#8221;<\/p>\n<p>                PattyProutey<\/p>\n<p>                 Cubadriver is an excellent taxi agency in Cuba! Their drivers are friendly, knowledgeable, and always punctual. I highly recommend their services for a safe and enjoyable travel experience.<\/p>\n<p>                 BertaPerez<\/p>\n<p>                 If you&#8217;re looking for reliable and affordable transportation in Cuba,<br \/>\nlook no further than Cubadriver. Their drivers are professional and<br \/>\ncourteous, and their cars are always clean and well-maintained. I had a<br \/>\ngreat experience using their services and would definitely use them<br \/>\nagain!<\/p>\n<p>                 CarmenDiaz<\/p>\n<p>                   Nuestra soluci\u00f3n integral te permite viajar sin preocupaciones por toda Cuba. Entendemos que viajar a un nuevo destino puede ser estresante, pero con nuestros servicios, puedes dejar tus preocupaciones atr\u00e1s. Proporcionamos todo lo que necesitas para garantizar un viaje fluido y agradable, desde transporte hasta tours personalizados e itinerarios a medida. Perm\u00edtenos encargarnos de los detalles para que puedas concentrarte en experimentar todo lo que Cuba tiene para ofrecer.<br \/>\n                  Leer M\u00e1s <\/p>\n<p>                         \u00bfPor qu\u00e9 deber\u00eda elegir el servicio de taxi CubaDriver sobre otros?<\/p>\n<p>                              Nuestro servicio de taxi ofrece transporte confiable, asequible y c\u00f3modo en toda Cuba. Contamos con conductores experimentados que conocen bien la zona local y pueden llevarte a tu destino de manera segura y eficiente. Nuestro servicio integral ofrece todo lo que necesitas para explorar la isla, desde transporte hasta tours guiados y emocionantes actividades. Con nosotros, puedes disfrutar de una experiencia sin problemas que cubre todos los aspectos de tu viaje, permiti\u00e9ndote sumergirte por completo en la belleza y la cultura de la isla. Perm\u00edtenos encargarnos de la log\u00edstica para que puedas relajarte y aprovechar al m\u00e1ximo tu tiempo aqu\u00ed.<\/p>\n<p>                         \u00bfPuedo reservar un taxi con anticipaci\u00f3n para mi viaje a Cuba?<\/p>\n<p>                              S\u00ed, puedes reservar f\u00e1cilmente un taxi con anticipaci\u00f3n a trav\u00e9s de nuestro sitio web o contactando a nuestro equipo de atenci\u00f3n al cliente. Esto asegura que tengas un taxi esper\u00e1ndote cuando llegues a Cuba, ahorr\u00e1ndote tiempo y problemas.<\/p>\n<p>                         \u00bfC\u00f3mo pago por el servicio de taxi o los servicios de CubaDriver en general?<\/p>\n<p>                              Puedes pagar por el servicio de taxi en efectivo o con tarjeta de cr\u00e9dito\/d\u00e9bito. Aceptamos las principales tarjetas de cr\u00e9dito internacionales como Visa, MasterCard y American Express. En caso de que desees pagar en efectivo, debes hacer una confirmaci\u00f3n de reserva en l\u00ednea por el 30% del monto total del servicio solicitado.<\/p>\n<p>                         \u00bfOfrecen alg\u00fan descuento o promoci\u00f3n?<\/p>\n<p>                              S\u00ed, ofrecemos descuentos y promociones durante todo el a\u00f1o, especialmente para nuestros clientes habituales. Puedes consultar nuestro sitio web o seguirnos en redes sociales para mantenerte actualizado sobre nuestras \u00faltimas ofertas. Tambi\u00e9n solemos ofrecer descuentos seg\u00fan la cantidad de servicios contratados y el m\u00e9todo de pago. Si necesitas varios servicios de taxi y turismo durante tu estancia en Cuba, cont\u00e1ctanos para obtener un descuento.<\/p>\n<p>                         \u00bfQu\u00e9 sucede si necesito cancelar mi reserva de taxi?<\/p>\n<p>                              Puedes cancelar f\u00e1cilmente tu reserva de taxi a trav\u00e9s de nuestro sitio web o contactando a nuestro equipo de atenci\u00f3n al cliente. Contamos con una pol\u00edtica de cancelaci\u00f3n flexible que te permite cancelar tu reserva sin ning\u00fan cargo de penalizaci\u00f3n. Por favor, obt\u00e9n m\u00e1s informaci\u00f3n sobre los requisitos para cancelaciones gratuitas.<\/p>\n<p>                         \u00bfPueden sus taxis acomodar a grupos grandes?<\/p>\n<p>                              S\u00ed, contamos con una variedad de veh\u00edculos que pueden acomodar grupos grandes de personas, incluyendo furgonetas y autobuses. Puedes indicarnos tus requisitos espec\u00edficos al realizar tu reserva. Los grupos grandes probablemente pagar\u00e1n menos por persona.<\/p>\n<p>                         \u00bfC\u00f3mo puedo reservar un coche cl\u00e1sico cubano?<\/p>\n<p>                              Puedes reservar un coche cl\u00e1sico cubano a trav\u00e9s de nuestro sitio web o contactando a nuestro equipo de atenci\u00f3n al cliente. Te garantizamos una experiencia aut\u00e9ntica y \u00fanica en los ic\u00f3nicos coches cl\u00e1sicos de Cuba. <\/p>\n<p>                         \u00bfCu\u00e1les son los principales destinos cubiertos por los servicios de CubaDriver?<\/p>\n<p>                            Ofrecemos servicios de taxi en toda Cuba, incluyendo destinos populares como La Habana, Vi\u00f1ales y Varadero. Como agencia de taxis en Cuba, nos aseguramos de cubrir la mayor cantidad de destinos posible para brindar un servicio integral a nuestros clientes.<\/p>\n<p>        Insp\u00edrate<br \/>\n        Otras ideas para tu viaje<\/p>\n<p>         \u00bfQuieres m\u00e1s sugerencias para tu viaje en taxi a Cuba?<\/p>\n<p>                      May 28, 2023<\/p>\n<p>                      Descubre la belleza de Cuba con tu propio conductor personal<\/p>\n<p>                    Read more<\/p>\n<p>                      April 25, 2023<\/p>\n<p>                      FITCuba 2023: El evento del a\u00f1o de la industria tur\u00edstica cubana<\/p>\n<p>                    Read more<\/p>\n<p>                        Email<\/p>\n<p>                        Submit<\/p>\n<p>                       Thank you! Your message has been sent.<br \/>\n                       Unable to send your message. Please fix errors then try again.<\/p>\n","protected":false},"excerpt":{"rendered":"<p>Est\u00e1s buscando traslados, taxis y turismo en Cuba? Est\u00e1s en el lugar correctoDeja que&nbsp;Cuba te gu\u00ede \u00danete a nuestros clientes satisfechos que han experimentado la magia de Cuba con CubaDriver. Nuestros conductores amigables, veh\u00edculos c\u00f3modos y servicio impecable han dejado una impresi\u00f3n duradera. Observa las sonrisas en sus rostros mientras emprenden viajes inolvidables. Sum\u00e9rgete en [&hellip;]<\/p>\n","protected":false},"author":1,"featured_media":0,"parent":0,"menu_order":4,"comment_status":"closed","ping_status":"closed","template":"","meta":{"_acf_changed":false,"_et_pb_use_builder":"","_et_pb_old_content":"","_et_gb_content_width":"","footnotes":""},"destination":[],"difl_page_category":[],"wf_page_folders":[369],"class_list":["post-14608","page","type-page","status-publish","hentry"],"acf":[],"_links":{"self":[{"href":"https:\/\/cubadriver.com\/es\/wp-json\/wp\/v2\/pages\/14608","targetHints":{"allow":["GET"]}}],"collection":[{"href":"https:\/\/cubadriver.com\/es\/wp-json\/wp\/v2\/pages"}],"about":[{"href":"https:\/\/cubadriver.com\/es\/wp-json\/wp\/v2\/types\/page"}],"author":[{"embeddable":true,"href":"https:\/\/cubadriver.com\/es\/wp-json\/wp\/v2\/users\/1"}],"replies":[{"embeddable":true,"href":"https:\/\/cubadriver.com\/es\/wp-json\/wp\/v2\/comments?post=14608"}],"version-history":[{"count":0,"href":"https:\/\/cubadriver.com\/es\/wp-json\/wp\/v2\/pages\/14608\/revisions"}],"wp:attachment":[{"href":"https:\/\/cubadriver.com\/es\/wp-json\/wp\/v2\/media?parent=14608"}],"wp:term":[{"taxonomy":"destination","embeddable":true,"href":"https:\/\/cubadriver.com\/es\/wp-json\/wp\/v2\/destination?post=14608"},{"taxonomy":"difl_page_category","embeddable":true,"href":"https:\/\/cubadriver.com\/es\/wp-json\/wp\/v2\/difl_page_category?post=14608"},{"taxonomy":"wf_page_folders","embeddable":true,"href":"https:\/\/cubadriver.com\/es\/wp-json\/wp\/v2\/wf_page_folders?post=14608"}],"curies":[{"name":"wp","href":"https:\/\/api.w.org\/{rel}","templated":true}]}}