{"id":25555308,"date":"2024-12-05T12:20:15","date_gmt":"2024-12-05T17:20:15","guid":{"rendered":"https:\/\/cubadriver.com\/support-by-chat\/"},"modified":"2025-01-25T04:15:14","modified_gmt":"2025-01-25T09:15:14","slug":"support-by-chat","status":"publish","type":"page","link":"https:\/\/cubadriver.com\/ru\/support-by-chat\/","title":{"rendered":"\u0427\u0430\u0442-\u043f\u043e\u0434\u0434\u0435\u0440\u0436\u043a\u0430 \u043d\u0430 \u0431\u0430\u0437\u0435 \u0418\u0418 | CubaDriver"},"content":{"rendered":"<p>[et_pb_section fb_built=&#8221;1&#8243; custom_padding_last_edited=&#8221;on|desktop&#8221; admin_label=&#8221;Booking Widget&#8221; _builder_version=&#8221;4.27.4&#8243; _module_preset=&#8221;default&#8221; background_color=&#8221;RGBA(255,255,255,0)&#8221; background_image=&#8221;https:\/\/cubadriver.com\/wp-content\/uploads\/2023\/05\/cubadriver-map-background.png&#8221; z_index=&#8221;1&#8243; vertical_offset_tablet=&#8221;&#8221; vertical_offset_phone=&#8221;&#8221; vertical_offset_last_edited=&#8221;on|desktop&#8221; horizontal_offset_tablet=&#8221;&#8221; horizontal_offset_phone=&#8221;&#8221; horizontal_offset_last_edited=&#8221;on|desktop&#8221; position_origin_a_tablet=&#8221;&#8221; position_origin_a_phone=&#8221;&#8221; position_origin_a_last_edited=&#8221;on|desktop&#8221; position_origin_f_tablet=&#8221;&#8221; position_origin_f_phone=&#8221;&#8221; position_origin_f_last_edited=&#8221;on|desktop&#8221; position_origin_r_tablet=&#8221;&#8221; position_origin_r_phone=&#8221;&#8221; position_origin_r_last_edited=&#8221;on|desktop&#8221; width=&#8221;100%&#8221; width_tablet=&#8221;100%&#8221; width_phone=&#8221;100%&#8221; width_last_edited=&#8221;on|phone&#8221; max_width=&#8221;600px&#8221; max_width_tablet=&#8221;600px&#8221; max_width_phone=&#8221;100%&#8221; max_width_last_edited=&#8221;on|desktop&#8221; module_alignment=&#8221;center&#8221; min_height_tablet=&#8221;&#8221; min_height_phone=&#8221;&#8221; min_height_last_edited=&#8221;on|phone&#8221; height_tablet=&#8221;&#8221; height_phone=&#8221;&#8221; height_last_edited=&#8221;on|desktop&#8221; max_height_tablet=&#8221;&#8221; max_height_phone=&#8221;&#8221; max_height_last_edited=&#8221;on|phone&#8221; custom_margin=&#8221;100px||80px||false|false&#8221; custom_margin_tablet=&#8221;167px|0px|80px|0px|false|true&#8221; custom_margin_phone=&#8221;60px|0px|80px|0px|false|true&#8221; custom_margin_last_edited=&#8221;on|phone&#8221; custom_padding=&#8221;0px|0px|0px|0px|false|true&#8221; custom_padding_tablet=&#8221;0px|0px|0px|0px|true|true&#8221; custom_padding_phone=&#8221;|0px||0px|false|true&#8221; top_divider_style_tablet=&#8221;&#8221; top_divider_style_phone=&#8221;&#8221; top_divider_style_last_edited=&#8221;on|phone&#8221; top_divider_color_tablet=&#8221;&#8221; top_divider_color_phone=&#8221;&#8221; top_divider_color_last_edited=&#8221;on|phone&#8221; top_divider_height_tablet=&#8221;&#8221; top_divider_height_phone=&#8221;&#8221; top_divider_height_last_edited=&#8221;on|phone&#8221; top_divider_repeat_tablet=&#8221;&#8221; top_divider_repeat_phone=&#8221;&#8221; top_divider_repeat_last_edited=&#8221;on|phone&#8221; top_divider_flip_tablet=&#8221;&#8221; top_divider_flip_phone=&#8221;&#8221; top_divider_flip_last_edited=&#8221;on|phone&#8221; top_divider_arrangement_tablet=&#8221;&#8221; top_divider_arrangement_phone=&#8221;&#8221; top_divider_arrangement_last_edited=&#8221;on|phone&#8221; background_color_tablet=&#8221;RGBA(255,255,255,0)&#8221; background_enable_color_tablet=&#8221;on&#8221; positioning_tablet=&#8221;&#8221; positioning_phone=&#8221;&#8221; positioning_last_edited=&#8221;on|desktop&#8221; z_index_tablet=&#8221;1&#8243; z_index_phone=&#8221;1&#8243; z_index_last_edited=&#8221;on|desktop&#8221; module_alignment_tablet=&#8221;center&#8221; module_alignment_phone=&#8221;center&#8221; module_alignment_last_edited=&#8221;on|desktop&#8221; custom_css_free_form=&#8221;.selector .et_pb_section {||    padding: 0% 0 !important;||  }||||\/*CONTENEDOR PARA DIVI LIBRARIS*\/||.selector .et_pb_section {||  width: 100% !important;||  max-width: 600px !important;||  margin: 0 auto; \/* Centra el elemento *\/||  padding: 0!important;||  height: auto!important;||  min-height: 100% !important;||  max-height: 100% !important;||}||||\/* M\u00e1rgenes espec\u00edficos para diferentes tama\u00f1os de pantalla *\/||@media (min-width: 1024px) { \/* Desktop *\/||  .selector .et_pb_section {||    margin-top: 100px!important;||  }||}||||@media (min-width: 982px) and (max-width: 1023px) { \/* Tablets *\/||  .selector .et_pb_section {||    margin-top: 100px!important;||  }||}||||@media (min-width: 768px) and (max-width: 981px) { \/* M\u00f3viles *\/||  .selector .et_pb_section {||    margin-top: 100px !important;||    margin-bottom: 50px!important;||  }||}||||\/* M\u00f3viles m\u00e1s peque\u00f1os *\/||@media (max-width: 767px) {||  .selector .et_pb_section {||    margin-top: 0px!important;||    \/*||    height: 100% !important;||    margin-bootom: 30px !important;||    *\/||  }||}||&#8221; border_radii=&#8221;on|12px|12px|12px|12px&#8221; border_radii_tablet=&#8221;on|12px|12px|12px|12px&#8221; border_radii_phone=&#8221;on|0px|0px|0px|0px&#8221; border_radii_last_edited=&#8221;on|phone&#8221; box_shadow_horizontal_tablet=&#8221;&#8221; box_shadow_horizontal_phone=&#8221;&#8221; box_shadow_horizontal_last_edited=&#8221;on|phone&#8221; box_shadow_vertical_tablet=&#8221;&#8221; box_shadow_vertical_phone=&#8221;&#8221; box_shadow_vertical_last_edited=&#8221;on|phone&#8221; box_shadow_blur_tablet=&#8221;&#8221; box_shadow_blur_phone=&#8221;&#8221; box_shadow_blur_last_edited=&#8221;on|phone&#8221; box_shadow_spread_tablet=&#8221;&#8221; box_shadow_spread_phone=&#8221;&#8221; box_shadow_spread_last_edited=&#8221;on|phone&#8221; box_shadow_color_tablet=&#8221;&#8221; box_shadow_color_phone=&#8221;&#8221; box_shadow_color_last_edited=&#8221;on|phone&#8221; box_shadow_position_tablet=&#8221;&#8221; box_shadow_position_phone=&#8221;&#8221; box_shadow_position_last_edited=&#8221;on|phone&#8221; locked=&#8221;off&#8221; global_colors_info=&#8221;{}&#8221; custom_css_before_last_edited=&#8221;on|desktop&#8221; custom_css_main_element_last_edited=&#8221;on|phone&#8221; custom_css_after_last_edited=&#8221;on|desktop&#8221;][et_pb_row custom_padding_last_edited=&#8221;on|desktop&#8221; admin_label=&#8221;Foto Modelo&#8221; _builder_version=&#8221;4.27.4&#8243; _module_preset=&#8221;default&#8221; background_color=&#8221;RGBA(255,255,255,0)&#8221; use_background_color_gradient=&#8221;on&#8221; background_color_gradient_direction=&#8221;153deg&#8221; background_color_gradient_stops=&#8221;rgba(99,51,0,0.08) 32%|rgba(0,0,0,0.73) 100%&#8221; background_color_gradient_overlays_image=&#8221;on&#8221; background_image=&#8221;https:\/\/cubadriver.com\/wp-content\/uploads\/2025\/01\/Matheo-Soporte-IA-CubaDriver-Ruso.png&#8221; background_blend=&#8221;overlay&#8221; vertical_offset_tablet=&#8221;&#8221; vertical_offset_phone=&#8221;&#8221; vertical_offset_last_edited=&#8221;on|desktop&#8221; horizontal_offset_tablet=&#8221;&#8221; horizontal_offset_phone=&#8221;&#8221; horizontal_offset_last_edited=&#8221;on|desktop&#8221; position_origin_a_tablet=&#8221;&#8221; position_origin_a_phone=&#8221;&#8221; position_origin_a_last_edited=&#8221;on|desktop&#8221; position_origin_f_tablet=&#8221;&#8221; position_origin_f_phone=&#8221;&#8221; position_origin_f_last_edited=&#8221;on|desktop&#8221; position_origin_r_tablet=&#8221;&#8221; position_origin_r_phone=&#8221;&#8221; position_origin_r_last_edited=&#8221;on|desktop&#8221; width=&#8221;100%&#8221; width_tablet=&#8221;100%&#8221; width_phone=&#8221;&#8221; width_last_edited=&#8221;on|phone&#8221; max_width=&#8221;100%&#8221; max_width_tablet=&#8221;100%&#8221; max_width_phone=&#8221;100%&#8221; max_width_last_edited=&#8221;on|phone&#8221; module_alignment=&#8221;center&#8221; min_height=&#8221;220px&#8221; min_height_tablet=&#8221;220px&#8221; min_height_phone=&#8221;220px&#8221; min_height_last_edited=&#8221;on|desktop&#8221; height_tablet=&#8221;&#8221; height_phone=&#8221;&#8221; height_last_edited=&#8221;on|desktop&#8221; max_height=&#8221;240px&#8221; max_height_tablet=&#8221;240px&#8221; max_height_phone=&#8221;260px&#8221; max_height_last_edited=&#8221;on|phone&#8221; custom_margin=&#8221;0px|0px|0px|0px|true|true&#8221; custom_margin_tablet=&#8221;0px|0px|0px|0px|true|true&#8221; custom_margin_phone=&#8221;0px|0px|0px|0px|false|true&#8221; custom_margin_last_edited=&#8221;on|phone&#8221; custom_padding=&#8221;0px|0px|0px|0px|true|true&#8221; custom_padding_tablet=&#8221;0px|0px|0px|0px|true|true&#8221; custom_padding_phone=&#8221;0px|0px|0px|0px|true|true&#8221; hover_enabled=&#8221;0&#8243; background_color_tablet=&#8221;RGBA(255,255,255,0)&#8221; background_last_edited=&#8221;on|phone&#8221; background_enable_color_tablet=&#8221;on&#8221; background_enable_color_phone=&#8221;off&#8221; use_background_color_gradient_phone=&#8221;off&#8221; background_image_tablet=&#8221;https:\/\/cubadriver.com\/wp-content\/uploads\/2023\/05\/Matheo-Soporte-IA-CubaDriver-Ruso.png&#8221; background_image_phone=&#8221;https:\/\/cubadriver.com\/wp-content\/uploads\/2023\/05\/Matheo-Soporte-IA-CubaDriver-Ruso.png&#8221; background_enable_image_tablet=&#8221;on&#8221; background_enable_image_phone=&#8221;on&#8221; parallax_phone=&#8221;off&#8221; parallax_method_phone=&#8221;off&#8221; background_size_phone=&#8221;cover&#8221; background_image_width_phone=&#8221;100%&#8221; background_position_phone=&#8221;bottom_left&#8221; background_blend_phone=&#8221;normal&#8221; positioning_tablet=&#8221;&#8221; positioning_phone=&#8221;&#8221; positioning_last_edited=&#8221;on|desktop&#8221; z_index_tablet=&#8221;&#8221; z_index_phone=&#8221;&#8221; z_index_last_edited=&#8221;on|desktop&#8221; module_alignment_tablet=&#8221;center&#8221; module_alignment_phone=&#8221;center&#8221; module_alignment_last_edited=&#8221;on|phone&#8221; custom_css_free_form=&#8221;@media (max-width: 600px) {||  .selector {||    width: 110% !important;||  }||}||||@media (min-width: 601px) {||  .selector {||    width: 100% !important;||    padding: 0px !important;||  }||}&#8221; border_radii=&#8221;off|5px|5px||&#8221; border_radii_tablet=&#8221;off|18px|18px|0px|0px&#8221; border_radii_phone=&#8221;off|0px|0px|0px|0px&#8221; border_radii_last_edited=&#8221;on|phone&#8221; border_width_all_tablet=&#8221;&#8221; border_width_all_phone=&#8221;&#8221; border_width_all_last_edited=&#8221;on|desktop&#8221; border_color_all_tablet=&#8221;&#8221; border_color_all_phone=&#8221;&#8221; border_color_all_last_edited=&#8221;on|phone&#8221; border_style_all_tablet=&#8221;&#8221; border_style_all_phone=&#8221;&#8221; border_style_all_last_edited=&#8221;on|phone&#8221; global_colors_info=&#8221;{%22gcid-heading-color%22:%91%22background_color_gradient_stops%22%93}&#8221; custom_css_before_last_edited=&#8221;off|phone&#8221; custom_css_main_element_last_edited=&#8221;off|phone&#8221; custom_css_after_last_edited=&#8221;off|phone&#8221; sticky_enabled=&#8221;0&#8243; title_text=&#8221;Matheo Soporte IA CubaDriver -Ruso&#8221;][et_pb_column type=&#8221;4_4&#8243; _builder_version=&#8221;4.25.2&#8243; _module_preset=&#8221;default&#8221; background_color=&#8221;RGBA(255,255,255,0)&#8221; global_colors_info=&#8221;{}&#8221;][\/et_pb_column][\/et_pb_row][et_pb_row custom_padding_last_edited=&#8221;on|tablet&#8221; admin_label=&#8221;Widget Chauffeur Version#1&#8243; _builder_version=&#8221;4.27.4&#8243; _module_preset=&#8221;default&#8221; background_color=&#8221;#FFFFFF&#8221; background_enable_image=&#8221;off&#8221; background_blend=&#8221;overlay&#8221; vertical_offset=&#8221;-7px&#8221; z_index=&#8221;4&#8243; vertical_offset_tablet=&#8221;-12px&#8221; vertical_offset_phone=&#8221;-10px&#8221; vertical_offset_last_edited=&#8221;on|tablet&#8221; horizontal_offset_tablet=&#8221;&#8221; horizontal_offset_phone=&#8221;&#8221; horizontal_offset_last_edited=&#8221;on|phone&#8221; position_origin_a_tablet=&#8221;&#8221; position_origin_a_phone=&#8221;&#8221; position_origin_a_last_edited=&#8221;on|phone&#8221; position_origin_f_tablet=&#8221;&#8221; position_origin_f_phone=&#8221;&#8221; position_origin_f_last_edited=&#8221;on|phone&#8221; position_origin_r_tablet=&#8221;&#8221; position_origin_r_phone=&#8221;&#8221; position_origin_r_last_edited=&#8221;on|desktop&#8221; width=&#8221;100%&#8221; width_tablet=&#8221;100%&#8221; width_phone=&#8221;&#8221; width_last_edited=&#8221;on|phone&#8221; max_width=&#8221;100%&#8221; max_width_tablet=&#8221;100%&#8221; max_width_phone=&#8221;100%&#8221; max_width_last_edited=&#8221;on|phone&#8221; module_alignment=&#8221;center&#8221; min_height_tablet=&#8221;&#8221; min_height_phone=&#8221;&#8221; min_height_last_edited=&#8221;on|desktop&#8221; height_tablet=&#8221;&#8221; height_phone=&#8221;&#8221; height_last_edited=&#8221;on|phone&#8221; max_height_tablet=&#8221;240px&#8221; max_height_phone=&#8221;&#8221; max_height_last_edited=&#8221;on|phone&#8221; custom_margin=&#8221;-8px|0px|0px|0px|false|true&#8221; custom_margin_tablet=&#8221;-4px|0px|0px|0px|false|true&#8221; custom_margin_phone=&#8221;0px|0px||0px|false|true&#8221; custom_margin_last_edited=&#8221;on|phone&#8221; custom_padding=&#8221;0px|0px|0px|0px|false|true&#8221; custom_padding_tablet=&#8221;0px|0px||0px|false|true&#8221; custom_padding_phone=&#8221;|0px|0px|0px|false|true&#8221; scroll_vertical_motion_enable=&#8221;off&#8221; motion_trigger_start=&#8221;top&#8221; background_color_tablet=&#8221;#FFFFFF&#8221; background_color_phone=&#8221;#FFFFFF&#8221; background_last_edited=&#8221;on|phone&#8221; background_enable_color_tablet=&#8221;on&#8221; background_enable_color_phone=&#8221;on&#8221; use_background_color_gradient_phone=&#8221;off&#8221; background_enable_image_phone=&#8221;off&#8221; positioning_tablet=&#8221;&#8221; positioning_phone=&#8221;&#8221; positioning_last_edited=&#8221;on|phone&#8221; z_index_tablet=&#8221;&#8221; z_index_phone=&#8221;&#8221; z_index_last_edited=&#8221;on|phone&#8221; module_alignment_tablet=&#8221;center&#8221; module_alignment_phone=&#8221;center&#8221; module_alignment_last_edited=&#8221;on|phone&#8221; sticky_position_tablet=&#8221;&#8221; sticky_position_phone=&#8221;&#8221; sticky_position_last_edited=&#8221;on|phone&#8221; sticky_limit_top_tablet=&#8221;&#8221; sticky_limit_top_phone=&#8221;&#8221; sticky_limit_top_last_edited=&#8221;on|phone&#8221; sticky_limit_bottom_tablet=&#8221;&#8221; sticky_limit_bottom_phone=&#8221;&#8221; sticky_limit_bottom_last_edited=&#8221;on|phone&#8221; scroll_vertical_motion_tablet=&#8221;&#8221; scroll_vertical_motion_phone=&#8221;0|73|73|100|2.5|0|-3&#8243; scroll_vertical_motion_last_edited=&#8221;on|phone&#8221; custom_css_free_form=&#8221;@media (max-width: 600px) {||  .selector {||    width: 110% !important;||  }||}||||@media (min-width: 620px) {||  .selector {||    width: 100% !important;||    padding: 0px !important;||  }||}&#8221; border_radii=&#8221;on|12px|12px|12px|12px&#8221; border_radii_tablet=&#8221;on|15px|15px|15px|15px&#8221; border_radii_phone=&#8221;on||||&#8221; border_radii_last_edited=&#8221;on|phone&#8221; border_width_all_tablet=&#8221;&#8221; border_width_all_phone=&#8221;0px&#8221; border_width_all_last_edited=&#8221;on|phone&#8221; border_color_all_tablet=&#8221;&#8221; border_color_all_phone=&#8221;&#8221; border_color_all_last_edited=&#8221;on|phone&#8221; border_style_all_tablet=&#8221;&#8221; border_style_all_phone=&#8221;&#8221; border_style_all_last_edited=&#8221;on|phone&#8221; global_colors_info=&#8221;{%22gcid-heading-color%22:%91%22background_color_gradient_stops%22%93}&#8221; custom_css_before_last_edited=&#8221;off|phone&#8221; custom_css_main_element_last_edited=&#8221;off|phone&#8221; custom_css_after_last_edited=&#8221;off|phone&#8221;][et_pb_column type=&#8221;4_4&#8243; _builder_version=&#8221;4.27.0&#8243; _module_preset=&#8221;default&#8221; background_color=&#8221;RGBA(255,255,255,0)&#8221; custom_padding=&#8221;0px|0px|0px|0px|true|true&#8221; background_last_edited=&#8221;off|desktop&#8221; global_colors_info=&#8221;{}&#8221;][et_pb_text _builder_version=&#8221;4.27.4&#8243; _module_preset=&#8221;default&#8221; background_color=&#8221;RGBA(255,255,255,0)&#8221; module_alignment=&#8221;center&#8221; custom_margin=&#8221;0px|0px|0px|0px|true|true&#8221; custom_padding=&#8221;0px|0px|0px|0px|true|true&#8221; hover_enabled=&#8221;0&#8243; global_colors_info=&#8221;{}&#8221; sticky_enabled=&#8221;0&#8243;]<div class='mwai-chatbot-container' data-params='{&quot;aiName&quot;:&quot;Matheo&quot;,&quot;userName&quot;:&quot;\\u041a\\u043b\\u0438\\u0435\\u043d\\u0442&quot;,&quot;guestName&quot;:&quot;\\u0413\\u043e\\u0441\\u0442\\u044c&quot;,&quot;aiAvatar&quot;:1,&quot;userAvatar&quot;:1,&quot;guestAvatar&quot;:1,&quot;aiAvatarUrl&quot;:&quot;avatar-man-black.svg&quot;,&quot;guestAvatarUrl&quot;:&quot;avatar-user.svg&quot;,&quot;textSend&quot;:&quot;\\u041e\\u0442\\u043f\\u0440\\u0430\\u0432\\u0438\\u0442\\u044c&quot;,&quot;textClear&quot;:&quot;\\u041e\\u0447\\u0438\\u0441\\u0442\\u0438\\u0442\\u044c&quot;,&quot;imageUpload&quot;:false,&quot;fileUpload&quot;:false,&quot;multiUpload&quot;:false,&quot;maxUploads&quot;:1,&quot;fileUploads&quot;:0,&quot;mode&quot;:&quot;chat&quot;,&quot;textInputPlaceholder&quot;:&quot;\\u041d\\u0430\\u043f\\u0438\\u0448\\u0438\\u0442\\u0435 \\u0432\\u0430\\u0448\\u0435 \\u0441\\u043e\\u043e\\u0431\\u0449\\u0435\\u043d\\u0438\\u0435...&quot;,&quot;textInputMaxLength&quot;:512,&quot;textCompliance&quot;:&quot;&quot;,&quot;startSentence&quot;:&quot;\\u041f\\u0440\\u0438\\u0432\\u0435\\u0442! \\u042f \\u041c\\u0430\\u0442\\u044d\\u043e, \\u0432\\u0430\\u0448 \\u0432\\u0438\\u0440\\u0442\\u0443\\u0430\\u043b\\u044c\\u043d\\u044b\\u0439 \\u043f\\u043e\\u043c\\u043e\\u0449\\u043d\\u0438\\u043a \\u0432 CubaDriver. \\u042f \\u0437\\u0434\\u0435\\u0441\\u044c, \\u0447\\u0442\\u043e\\u0431\\u044b \\u043f\\u043e\\u043c\\u043e\\u0447\\u044c \\u0432\\u0430\\u043c \\u0441 \\u0442\\u0440\\u0430\\u043d\\u0441\\u043f\\u043e\\u0440\\u0442\\u043e\\u043c, \\u044d\\u043a\\u0441\\u043a\\u0443\\u0440\\u0441\\u0438\\u044f\\u043c\\u0438, \\u043f\\u0440\\u043e\\u0436\\u0438\\u0432\\u0430\\u043d\\u0438\\u0435\\u043c \\u0438\\u043b\\u0438 \\u043b\\u044e\\u0431\\u044b\\u043c\\u0438 \\u0432\\u043e\\u043f\\u0440\\u043e\\u0441\\u0430\\u043c\\u0438 \\u043e \\u0432\\u0430\\u0448\\u0435\\u043c \\u043f\\u0443\\u0442\\u0435\\u0448\\u0435\\u0441\\u0442\\u0432\\u0438\\u0438 \\u043f\\u043e \\u041a\\u0443\\u0431\\u0435. \\u0427\\u0435\\u043c \\u043c\\u043e\\u0433\\u0443 \\u043f\\u043e\\u043c\\u043e\\u0447\\u044c \\u0432\\u0430\\u043c \\u0441\\u0435\\u0433\\u043e\\u0434\\u043d\\u044f?&quot;,&quot;localMemory&quot;:true,&quot;themeId&quot;:&quot;messages&quot;,&quot;window&quot;:false,&quot;icon&quot;:&quot;&quot;,&quot;iconText&quot;:&quot;&quot;,&quot;iconTextDelay&quot;:1,&quot;iconAlt&quot;:&quot;AI Engine Chatbot&quot;,&quot;iconPosition&quot;:&quot;bottom-right&quot;,&quot;centerOpen&quot;:false,&quot;width&quot;:&quot;&quot;,&quot;openDelay&quot;:&quot;&quot;,&quot;iconBubble&quot;:false,&quot;windowAnimation&quot;:&quot;zoom&quot;,&quot;fullscreen&quot;:false,&quot;copyButton&quot;:false,&quot;headerSubtitle&quot;:&quot;Discuss with&quot;,&quot;containerType&quot;:&quot;standard&quot;,&quot;headerType&quot;:&quot;standard&quot;,&quot;messagesType&quot;:&quot;standard&quot;,&quot;inputType&quot;:&quot;standard&quot;,&quot;footerType&quot;:&quot;standard&quot;}' data-system='{&quot;botId&quot;:&quot;chatbot-385e5y&quot;,&quot;customId&quot;:null,&quot;userData&quot;:null,&quot;sessionId&quot;:&quot;69da31d37bdc3&quot;,&quot;restNonce&quot;:null,&quot;contextId&quot;:25555308,&quot;pluginUrl&quot;:&quot;https:\\\/\\\/cubadriver.com\\\/wp-content\\\/plugins\\\/ai-engine-pro\\\/&quot;,&quot;restUrl&quot;:&quot;https:\\\/\\\/cubadriver.com\\\/ru\\\/wp-json&quot;,&quot;stream&quot;:false,&quot;debugMode&quot;:false,&quot;eventLogs&quot;:false,&quot;speech_recognition&quot;:true,&quot;speech_synthesis&quot;:false,&quot;typewriter&quot;:false,&quot;crossSite&quot;:false,&quot;actions&quot;:[],&quot;blocks&quot;:[],&quot;shortcuts&quot;:[]}' data-theme='{&quot;type&quot;:&quot;internal&quot;,&quot;name&quot;:&quot;Messages&quot;,&quot;themeId&quot;:&quot;messages&quot;,&quot;settings&quot;:{&quot;backgroundUserColor&quot;:&quot;#000000&quot;,&quot;maxHeight&quot;:&quot;90vh&quot;},&quot;style&quot;:&quot;&quot;}'><\/div>[\/et_pb_text][\/et_pb_column][\/et_pb_row][\/et_pb_section][et_pb_section fb_built=&#8221;1&#8243; admin_label=&#8221;Background&#8221; _builder_version=&#8221;4.27.0&#8243; _module_preset=&#8221;default&#8221; background_enable_color=&#8221;off&#8221; background_image=&#8221;https:\/\/cubadriver.com\/wp-content\/uploads\/2023\/05\/cubadriver-map-background.png&#8221; positioning=&#8221;fixed&#8221; position_origin_a=&#8221;center_center&#8221; position_origin_f=&#8221;center_center&#8221; width=&#8221;100%&#8221; max_width=&#8221;100%&#8221; height=&#8221;100%&#8221; custom_margin=&#8221;0px|0px|0px|0px|true|true&#8221; custom_padding=&#8221;0px|0px|50px|0px|false|true&#8221; locked=&#8221;off&#8221; collapsed=&#8221;on&#8221; global_colors_info=&#8221;{}&#8221;][\/et_pb_section]<\/p>\n","protected":false},"excerpt":{"rendered":"<div class='mwai-chatbot-container' data-params='{&quot;aiName&quot;:&quot;Matheo&quot;,&quot;userName&quot;:&quot;\\u041a\\u043b\\u0438\\u0435\\u043d\\u0442&quot;,&quot;guestName&quot;:&quot;\\u0413\\u043e\\u0441\\u0442\\u044c&quot;,&quot;aiAvatar&quot;:1,&quot;userAvatar&quot;:1,&quot;guestAvatar&quot;:1,&quot;aiAvatarUrl&quot;:&quot;avatar-man-black.svg&quot;,&quot;guestAvatarUrl&quot;:&quot;avatar-user.svg&quot;,&quot;textSend&quot;:&quot;\\u041e\\u0442\\u043f\\u0440\\u0430\\u0432\\u0438\\u0442\\u044c&quot;,&quot;textClear&quot;:&quot;\\u041e\\u0447\\u0438\\u0441\\u0442\\u0438\\u0442\\u044c&quot;,&quot;imageUpload&quot;:false,&quot;fileUpload&quot;:false,&quot;multiUpload&quot;:false,&quot;maxUploads&quot;:1,&quot;fileUploads&quot;:0,&quot;mode&quot;:&quot;chat&quot;,&quot;textInputPlaceholder&quot;:&quot;\\u041d\\u0430\\u043f\\u0438\\u0448\\u0438\\u0442\\u0435 \\u0432\\u0430\\u0448\\u0435 \\u0441\\u043e\\u043e\\u0431\\u0449\\u0435\\u043d\\u0438\\u0435...&quot;,&quot;textInputMaxLength&quot;:512,&quot;textCompliance&quot;:&quot;&quot;,&quot;startSentence&quot;:&quot;\\u041f\\u0440\\u0438\\u0432\\u0435\\u0442! \\u042f \\u041c\\u0430\\u0442\\u044d\\u043e, \\u0432\\u0430\\u0448 \\u0432\\u0438\\u0440\\u0442\\u0443\\u0430\\u043b\\u044c\\u043d\\u044b\\u0439 \\u043f\\u043e\\u043c\\u043e\\u0449\\u043d\\u0438\\u043a \\u0432 CubaDriver. \\u042f \\u0437\\u0434\\u0435\\u0441\\u044c, \\u0447\\u0442\\u043e\\u0431\\u044b \\u043f\\u043e\\u043c\\u043e\\u0447\\u044c \\u0432\\u0430\\u043c \\u0441 \\u0442\\u0440\\u0430\\u043d\\u0441\\u043f\\u043e\\u0440\\u0442\\u043e\\u043c, \\u044d\\u043a\\u0441\\u043a\\u0443\\u0440\\u0441\\u0438\\u044f\\u043c\\u0438, \\u043f\\u0440\\u043e\\u0436\\u0438\\u0432\\u0430\\u043d\\u0438\\u0435\\u043c \\u0438\\u043b\\u0438 \\u043b\\u044e\\u0431\\u044b\\u043c\\u0438 \\u0432\\u043e\\u043f\\u0440\\u043e\\u0441\\u0430\\u043c\\u0438 \\u043e \\u0432\\u0430\\u0448\\u0435\\u043c \\u043f\\u0443\\u0442\\u0435\\u0448\\u0435\\u0441\\u0442\\u0432\\u0438\\u0438 \\u043f\\u043e \\u041a\\u0443\\u0431\\u0435. \\u0427\\u0435\\u043c \\u043c\\u043e\\u0433\\u0443 \\u043f\\u043e\\u043c\\u043e\\u0447\\u044c \\u0432\\u0430\\u043c \\u0441\\u0435\\u0433\\u043e\\u0434\\u043d\\u044f?&quot;,&quot;localMemory&quot;:true,&quot;themeId&quot;:&quot;messages&quot;,&quot;window&quot;:false,&quot;icon&quot;:&quot;&quot;,&quot;iconText&quot;:&quot;&quot;,&quot;iconTextDelay&quot;:1,&quot;iconAlt&quot;:&quot;AI Engine Chatbot&quot;,&quot;iconPosition&quot;:&quot;bottom-right&quot;,&quot;centerOpen&quot;:false,&quot;width&quot;:&quot;&quot;,&quot;openDelay&quot;:&quot;&quot;,&quot;iconBubble&quot;:false,&quot;windowAnimation&quot;:&quot;zoom&quot;,&quot;fullscreen&quot;:false,&quot;copyButton&quot;:false,&quot;headerSubtitle&quot;:&quot;Discuss with&quot;,&quot;containerType&quot;:&quot;standard&quot;,&quot;headerType&quot;:&quot;standard&quot;,&quot;messagesType&quot;:&quot;standard&quot;,&quot;inputType&quot;:&quot;standard&quot;,&quot;footerType&quot;:&quot;standard&quot;}' data-system='{&quot;botId&quot;:&quot;chatbot-385e5y&quot;,&quot;customId&quot;:null,&quot;userData&quot;:null,&quot;sessionId&quot;:&quot;69da31d4bb90d&quot;,&quot;restNonce&quot;:null,&quot;contextId&quot;:25555308,&quot;pluginUrl&quot;:&quot;https:\\\/\\\/cubadriver.com\\\/wp-content\\\/plugins\\\/ai-engine-pro\\\/&quot;,&quot;restUrl&quot;:&quot;https:\\\/\\\/cubadriver.com\\\/ru\\\/wp-json&quot;,&quot;stream&quot;:false,&quot;debugMode&quot;:false,&quot;eventLogs&quot;:false,&quot;speech_recognition&quot;:true,&quot;speech_synthesis&quot;:false,&quot;typewriter&quot;:false,&quot;crossSite&quot;:false,&quot;actions&quot;:[],&quot;blocks&quot;:[],&quot;shortcuts&quot;:[]}' data-theme='{&quot;type&quot;:&quot;internal&quot;,&quot;name&quot;:&quot;Messages&quot;,&quot;themeId&quot;:&quot;messages&quot;,&quot;settings&quot;:{&quot;backgroundUserColor&quot;:&quot;#000000&quot;,&quot;maxHeight&quot;:&quot;90vh&quot;},&quot;style&quot;:&quot;&quot;}'><\/div>\n","protected":false},"author":1,"featured_media":0,"parent":0,"menu_order":0,"comment_status":"closed","ping_status":"closed","template":"","meta":{"_acf_changed":false,"_et_pb_use_builder":"on","_et_pb_old_content":"","_et_gb_content_width":"","footnotes":""},"destination":[],"difl_page_category":[],"wf_page_folders":[397],"class_list":["post-25555308","page","type-page","status-publish","hentry"],"acf":[],"_links":{"self":[{"href":"https:\/\/cubadriver.com\/ru\/wp-json\/wp\/v2\/pages\/25555308","targetHints":{"allow":["GET"]}}],"collection":[{"href":"https:\/\/cubadriver.com\/ru\/wp-json\/wp\/v2\/pages"}],"about":[{"href":"https:\/\/cubadriver.com\/ru\/wp-json\/wp\/v2\/types\/page"}],"author":[{"embeddable":true,"href":"https:\/\/cubadriver.com\/ru\/wp-json\/wp\/v2\/users\/1"}],"replies":[{"embeddable":true,"href":"https:\/\/cubadriver.com\/ru\/wp-json\/wp\/v2\/comments?post=25555308"}],"version-history":[{"count":0,"href":"https:\/\/cubadriver.com\/ru\/wp-json\/wp\/v2\/pages\/25555308\/revisions"}],"wp:attachment":[{"href":"https:\/\/cubadriver.com\/ru\/wp-json\/wp\/v2\/media?parent=25555308"}],"wp:term":[{"taxonomy":"destination","embeddable":true,"href":"https:\/\/cubadriver.com\/ru\/wp-json\/wp\/v2\/destination?post=25555308"},{"taxonomy":"difl_page_category","embeddable":true,"href":"https:\/\/cubadriver.com\/ru\/wp-json\/wp\/v2\/difl_page_category?post=25555308"},{"taxonomy":"wf_page_folders","embeddable":true,"href":"https:\/\/cubadriver.com\/ru\/wp-json\/wp\/v2\/wf_page_folders?post=25555308"}],"curies":[{"name":"wp","href":"https:\/\/api.w.org\/{rel}","templated":true}]}}